{"id":1597,"date":"2018-08-27T17:48:47","date_gmt":"2018-08-27T20:48:47","guid":{"rendered":"http:\/\/www.combustiva.com.br\/?page_id=1597"},"modified":"2024-01-09T17:10:25","modified_gmt":"2024-01-09T20:10:25","slug":"orcamentomarketingmedico","status":"publish","type":"page","link":"https:\/\/www.combustiva.com.br\/index.php\/orcamentomarketingmedico\/","title":{"rendered":"Or\u00e7amento"},"content":{"rendered":"<p>[vc_section][vc_row gap=&#8221;px-gap-60&#8243; bg=&#8221;image&#8221; bg_position=&#8221;center center&#8221; bg_size=&#8221;cover&#8221; bg_attach=&#8221;fixed&#8221; bg_overlay_mode=&#8221;rgba&#8221; boxed=&#8221;true&#8221; image=&#8221;715&#8243; padd_top=&#8221;240&#8243; padd_bott=&#8221;180&#8243; bg_overlay=&#8221;rgba(255,255,255,0.5)&#8221;][vc_column]<div class=\"px-hero-wrap    px-animate px-animated \" data-delay=\"\" data-animation=\"px-fade-in-down\">\n\n                <div class=\"px-hero  px-font-hero px-font-bold  px-letter-1\" style=\"color: #f62459;\" >\n                    <span class=\"\" style=\"\">Or\u00e7amentos<\/span><\/div>\n\n            <\/div>[\/vc_column][\/vc_row][vc_row][vc_column]<div class=\"px-space \" style=\"margin-bottom: 60px\"><\/div>[\/vc_column][\/vc_row][\/vc_section][vc_section][vc_row gap=&#8221;px-gap-60&#8243; boxed=&#8221;true&#8221; marg_bott=&#8221;30&#8243;][vc_column width=&#8221;1\/2&#8243; width_l=&#8221;px-col-l-12&#8243; animation=&#8221;px-fade-in-left&#8221; animated=&#8221;true&#8221; marg_bott=&#8221;30&#8243;]<div role=\"form\" class=\"wpcf7\" id=\"wpcf7-f1589-o1\" lang=\"en-US\" dir=\"ltr\">\n<div class=\"screen-reader-response\"><\/div>\n<form action=\"\/index.php\/wp-json\/wp\/v2\/pages\/1597#wpcf7-f1589-o1\" method=\"post\" class=\"wpcf7-form\" novalidate=\"novalidate\">\n<div style=\"display: none;\">\n<input type=\"hidden\" name=\"_wpcf7\" value=\"1589\" \/>\n<input type=\"hidden\" name=\"_wpcf7_version\" value=\"5.1.7\" \/>\n<input type=\"hidden\" name=\"_wpcf7_locale\" value=\"en_US\" \/>\n<input type=\"hidden\" name=\"_wpcf7_unit_tag\" value=\"wpcf7-f1589-o1\" \/>\n<input type=\"hidden\" name=\"_wpcf7_container_post\" value=\"0\" \/>\n<input type=\"hidden\" name=\"g-recaptcha-response\" value=\"\" \/>\n<\/div>\n<div class=\"px-row px-form\">\n<div class=\"px-col-xl-6\">\n<p><span class=\"wpcf7-form-control-wrap your-name\"><input type=\"text\" name=\"your-name\" value=\"\" size=\"40\" class=\"wpcf7-form-control wpcf7-text wpcf7-validates-as-required\" aria-required=\"true\" aria-invalid=\"false\" placeholder=\"Nome\" \/><\/span><\/p>\n<\/div>\n<div class=\"px-col-xl-6\">\n<p><span class=\"wpcf7-form-control-wrap your-email\"><input type=\"email\" name=\"your-email\" value=\"\" size=\"40\" class=\"wpcf7-form-control wpcf7-text wpcf7-email wpcf7-validates-as-required wpcf7-validates-as-email\" aria-required=\"true\" aria-invalid=\"false\" placeholder=\"E-mail\" \/><\/span><\/p>\n<\/div>\n<div class=\"px-col-xl-6\">\n<p><span class=\"wpcf7-form-control-wrap your-phone\"><input type=\"text\" name=\"your-phone\" value=\"\" size=\"40\" class=\"wpcf7-form-control wpcf7-text wpcf7-validates-as-required\" aria-required=\"true\" aria-invalid=\"false\" placeholder=\"Telefone\" \/><\/span><\/p>\n<\/div>\n<div class=\"px-col-xl-6\">\n<p><span class=\"wpcf7-form-control-wrap your-subject\"><input type=\"text\" name=\"your-subject\" value=\"\" size=\"40\" class=\"wpcf7-form-control wpcf7-text wpcf7-validates-as-required\" aria-required=\"true\" aria-invalid=\"false\" placeholder=\"Especialidade\" \/><\/span><\/p>\n<\/div>\n<p>Servi\u00e7os:<br \/>\n<span class=\"wpcf7-form-control-wrap your-service\"><span class=\"wpcf7-form-control wpcf7-checkbox\"><span class=\"wpcf7-list-item first\"><input type=\"checkbox\" name=\"your-service[]\" value=\"Produ\u00e7\u00e3o de Site\" \/><span class=\"wpcf7-list-item-label\">Produ\u00e7\u00e3o de Site<\/span><\/span><span class=\"wpcf7-list-item\"><input type=\"checkbox\" name=\"your-service[]\" value=\"Conte\u00fado e artes para Redes Sociais\" \/><span class=\"wpcf7-list-item-label\">Conte\u00fado e artes para Redes Sociais<\/span><\/span><span class=\"wpcf7-list-item\"><input type=\"checkbox\" name=\"your-service[]\" value=\"Produ\u00e7\u00e3o de v\u00eddeos\" \/><span class=\"wpcf7-list-item-label\">Produ\u00e7\u00e3o de v\u00eddeos<\/span><\/span><span class=\"wpcf7-list-item\"><input type=\"checkbox\" name=\"your-service[]\" value=\"Tr\u00e1fego pago\" \/><span class=\"wpcf7-list-item-label\">Tr\u00e1fego pago<\/span><\/span><span class=\"wpcf7-list-item\"><input type=\"checkbox\" name=\"your-service[]\" value=\"Cria\u00e7\u00e3o de logomarca\" \/><span class=\"wpcf7-list-item-label\">Cria\u00e7\u00e3o de logomarca<\/span><\/span><span class=\"wpcf7-list-item\"><input type=\"checkbox\" name=\"your-service[]\" value=\"Desenvolvimento de Papelaria\" \/><span class=\"wpcf7-list-item-label\">Desenvolvimento de Papelaria<\/span><\/span><span class=\"wpcf7-list-item last\"><input type=\"checkbox\" name=\"your-service[]\" value=\"Consultoria e treinamento\" \/><span class=\"wpcf7-list-item-label\">Consultoria e treinamento<\/span><\/span><\/span><\/span><\/p>\n<div class=\"px-col-xl-12\">\n<p><input type=\"submit\" value=\"Enviar\" class=\"wpcf7-form-control wpcf7-submit\" \/><\/p>\n<\/div>\n<\/div>\n<input type='hidden' class='wpcf7-pum' value='{\"closepopup\":false,\"closedelay\":0,\"openpopup\":false,\"openpopup_id\":0}' \/><div class=\"wpcf7-response-output wpcf7-display-none\"><\/div><\/form><\/div>[\/vc_column][vc_column width=&#8221;1\/3&#8243; width_l=&#8221;px-col-l-12&#8243; animation=&#8221;px-fade-in-up&#8221; animated=&#8221;true&#8221; marg_bott=&#8221;60&#8243;]\n\n            <div class=\"px-heading   \" data-delay=\"\" data-animation=\"\"><div class=\"px-title px-sep-title  px-font-s px-letter-1\" style=\"color: #000000\">J\u00c1 SABE DO QUE PRECISA?<\/div><div class=\"px-exc \" style=\"color: inherit; \">Ent\u00e3o, preencha o formul\u00e1rio ao lado que ficaremos felizes em enviar as<br \/>\ninforma\u00e7\u00f5es solicitadas. Se quiser, podemos ainda agendar uma reuni\u00e3o presencial ou online para entendermos suas reais necessidades.<\/div><\/div>[\/vc_column][\/vc_row][\/vc_section][vc_section][\/vc_section]<\/p>\n","protected":false},"excerpt":{"rendered":"<p>[vc_section][vc_row gap=&#8221;px-gap-60&#8243; bg=&#8221;image&#8221; bg_position=&#8221;center center&#8221; bg_size=&#8221;cover&#8221; bg_attach=&#8221;fixed&#8221; bg_overlay_mode=&#8221;rgba&#8221; boxed=&#8221;true&#8221; image=&#8221;715&#8243; padd_top=&#8221;240&#8243; padd_bott=&#8221;180&#8243; bg_overlay=&#8221;rgba(255,255,255,0.5)&#8221;][vc_column][\/vc_column][\/vc_row][vc_row][vc_column][\/vc_column][\/vc_row][\/vc_section][vc_section][vc_row gap=&#8221;px-gap-60&#8243; boxed=&#8221;true&#8221; marg_bott=&#8221;30&#8243;][vc_column width=&#8221;1\/2&#8243; width_l=&#8221;px-col-l-12&#8243; animation=&#8221;px-fade-in-left&#8221; animated=&#8221;true&#8221; marg_bott=&#8221;30&#8243;][\/vc_column][vc_column width=&#8221;1\/3&#8243; width_l=&#8221;px-col-l-12&#8243; animation=&#8221;px-fade-in-up&#8221; animated=&#8221;true&#8221; marg_bott=&#8221;60&#8243;][\/vc_column][\/vc_row][\/vc_section][vc_section][\/vc_section]<\/p>\n","protected":false},"author":1,"featured_media":0,"parent":0,"menu_order":0,"comment_status":"closed","ping_status":"closed","template":"page-composer.php","meta":[],"_links":{"self":[{"href":"https:\/\/www.combustiva.com.br\/index.php\/wp-json\/wp\/v2\/pages\/1597"}],"collection":[{"href":"https:\/\/www.combustiva.com.br\/index.php\/wp-json\/wp\/v2\/pages"}],"about":[{"href":"https:\/\/www.combustiva.com.br\/index.php\/wp-json\/wp\/v2\/types\/page"}],"author":[{"embeddable":true,"href":"https:\/\/www.combustiva.com.br\/index.php\/wp-json\/wp\/v2\/users\/1"}],"replies":[{"embeddable":true,"href":"https:\/\/www.combustiva.com.br\/index.php\/wp-json\/wp\/v2\/comments?post=1597"}],"version-history":[{"count":11,"href":"https:\/\/www.combustiva.com.br\/index.php\/wp-json\/wp\/v2\/pages\/1597\/revisions"}],"predecessor-version":[{"id":2018,"href":"https:\/\/www.combustiva.com.br\/index.php\/wp-json\/wp\/v2\/pages\/1597\/revisions\/2018"}],"wp:attachment":[{"href":"https:\/\/www.combustiva.com.br\/index.php\/wp-json\/wp\/v2\/media?parent=1597"}],"curies":[{"name":"wp","href":"https:\/\/api.w.org\/{rel}","templated":true}]}}