{"id":470,"date":"2018-01-08T11:07:14","date_gmt":"2018-01-08T11:07:14","guid":{"rendered":"https:\/\/demo.pixelburst.net\/themes\/wezen\/?page_id=470"},"modified":"2019-05-13T14:07:59","modified_gmt":"2019-05-13T17:07:59","slug":"blog-combustiva-marketing-medico","status":"publish","type":"page","link":"https:\/\/www.combustiva.com.br\/index.php\/blog-combustiva-marketing-medico\/","title":{"rendered":"Blog"},"content":{"rendered":"<p>[vc_section][vc_row bg=&#8221;image&#8221; bg_position=&#8221;center center&#8221; bg_overlay_mode=&#8221;rgba&#8221; divider=&#8221;polygon&#8221; boxed=&#8221;true&#8221; shape=&#8221;true&#8221; brd_triangle_1x=&#8221;0&#8243; brd_triangle_1y=&#8221;0&#8243; brd_triangle_2x=&#8221;0&#8243; brd_triangle_2y=&#8221;0&#8243; brd_triangle_3x=&#8221;0&#8243; brd_triangle_3y=&#8221;0&#8243; brd_shape=&#8221;true&#8221; brd_shape_color=&#8221;#ffffff&#8221; brd_shape_height=&#8221;200&#8243; shape_path=&#8221;38% 71%, 55% 52%, 67% 77%, 84% 62%, 100% 78%, 100% 100%, 0 100%, 0% 70%, 10% 77%, 23% 52%&#8221; shape_color=&#8221;#ffffff&#8221; shape_height=&#8221;200&#8243; polygon_path=&#8221;100% 43%, 0% 100%, 100% 100%&#8221; polygon_height=&#8221;200&#8243; padd_top=&#8221;240&#8243; padd_bott=&#8221;180&#8243; polygon_color=&#8221;#ffffff&#8221; image=&#8221;556&#8243; bg_overlay=&#8221;rgba(255,255,255,0.5)&#8221;][vc_column txt_align=&#8221;px-txt-left&#8221;]<div class=\"px-hero-wrap    px-animate px-animated \" data-delay=\"\" data-animation=\"px-fade-in-down\">\n\n                <div class=\"px-hero  px-font-hero px-font-bold  px-letter-1\" style=\"color: #f62459;\" >\n                    <span class=\"\" style=\"\">Nosso Blog<\/span><\/div>\n\n            <\/div>[\/vc_column][\/vc_row][\/vc_section][vc_section][vc_row boxed=&#8221;true&#8221; shape=&#8221;true&#8221; shape_path=&#8221;47% 79%, 67% 63%, 87% 79%, 100% 70%, 100% 100%, 0 100%, 0 77%, 11% 61%, 23% 77%, 34% 57%&#8221; shape_color=&#8221;#F62459&#8243; shape_height=&#8221;200&#8243; padd_top=&#8221;90&#8243; padd_bott=&#8221;30&#8243;][vc_column animation=&#8221;px-fade-in-up&#8221; animated=&#8221;true&#8221;]<div class=\"px-space \" style=\"margin-bottom: 10px\"><\/div>\n\n            <div class=\"px-blog  px-grid\" style=\"margin-right: -30px; margin-left: -30px\">\n\n                    <div  class=\"px-post px-item   px-col-xl-4 px-col-m-6 px-col-s-12 \" data-delay=\"\" data-animation=\"\" style=\"padding: 0 30px; margin-bottom: 60px\">\n\n                                <div class=\"px-post-image  px-frame px-scale-up px-thumb\" style=\"background: inherit\">\n\n                                    <div class=\"px-over-h px-pos-rel\">\n\n                                        <div class=\"px-overlay px-animate\" style=\"background-color: inherit\"><a class=\"px-thumb-link\" href=\"https:\/\/www.combustiva.com.br\/index.php\/2019\/05\/28\/comoatrairnovospacientes\/\"><\/a><\/div><img decoding=\"async\" src=\"https:\/\/www.combustiva.com.br\/wp-content\/uploads\/j\u00e1-parou-para-pensar-em-como-os-pacientes-buscam-por-um-m\u00e9dico-hoje-3-300x250.png\" title=\"Como atrair novos pacientes?\" alt=\"marketing m\u00e9dico para atrair pacientes\"><\/div>\n\n                                <\/div>\n\n                            <div class=\"px-post-caption px-no-border\" style=\"background: inherit\"><div class=\"px-post-cat\" style=\"color: #606060\"><a href=\"https:\/\/www.combustiva.com.br\/index.php\/2019\/05\/28\/comoatrairnovospacientes\/\">Informativo<\/a><\/div><div class=\"px-post-title px-title-brd  px-font-bold px-font-s\" style=\"color: #f62459\">\n                                    <a href=\"https:\/\/www.combustiva.com.br\/index.php\/2019\/05\/28\/comoatrairnovospacientes\/\">Como atrair novos pacientes?<\/a><\/div><div class=\"px-post-exc px-exc\" style=\"color: inherit\">Voc\u00ea j\u00e1 se deu conta que a forma como os pacientes buscam por m\u00e9dico mudou? Antigamente, os livretos do plano de sa\u00fade e as listas telef\u00f4nicas er<\/div>\n\n                                    <div class=\"px-post-btn px-btn px-btn-s px-shadow  px-btn-3\">\n                                        <a href=\"https:\/\/www.combustiva.com.br\/index.php\/2019\/05\/28\/comoatrairnovospacientes\/\">Leia mais<i class=\"epic-icon-right\"><\/i><\/a><\/div><\/div><\/div>\n\n                    <div  class=\"px-post px-item   px-col-xl-4 px-col-m-6 px-col-s-12 \" data-delay=\"\" data-animation=\"\" style=\"padding: 0 30px; margin-bottom: 60px\">\n\n                            <div class=\"px-post-caption px-no-border\" style=\"background: inherit\"><div class=\"px-post-cat\" style=\"color: #606060\"><a href=\"https:\/\/www.combustiva.com.br\/index.php\/2018\/06\/21\/criando-uma-conta-de-anuncios-para-a-combustiva-gerenciar\/\">Dicas<\/a><\/div><div class=\"px-post-title px-title-brd  px-font-bold px-font-s\" style=\"color: #f62459\">\n                                    <a href=\"https:\/\/www.combustiva.com.br\/index.php\/2018\/06\/21\/criando-uma-conta-de-anuncios-para-a-combustiva-gerenciar\/\">Criando uma conta de an\u00fancios para a combustiva Gerenciar<\/a><\/div><div class=\"px-post-exc px-exc\" style=\"color: inherit\">Criando uma conta de anunciante Crie uma conta no Gerenciador de Neg\u00f3cios pelo link business.facebook.com. Na barra esquerda, clique no bot\u00e3o Config<\/div>\n\n                                    <div class=\"px-post-btn px-btn px-btn-s px-shadow  px-btn-3\">\n                                        <a href=\"https:\/\/www.combustiva.com.br\/index.php\/2018\/06\/21\/criando-uma-conta-de-anuncios-para-a-combustiva-gerenciar\/\">Leia mais<i class=\"epic-icon-right\"><\/i><\/a><\/div><\/div><\/div>\n\n                    <div  class=\"px-post px-item   px-col-xl-4 px-col-m-6 px-col-s-12 \" data-delay=\"\" data-animation=\"\" style=\"padding: 0 30px; margin-bottom: 60px\">\n\n                                <div class=\"px-post-image  px-frame px-scale-up px-thumb\" style=\"background: inherit\">\n\n                                    <div class=\"px-over-h px-pos-rel\">\n\n                                        <div class=\"px-overlay px-animate\" style=\"background-color: inherit\"><a class=\"px-thumb-link\" href=\"https:\/\/www.combustiva.com.br\/index.php\/2019\/06\/05\/publicidade-medica\/\"><\/a><\/div><img decoding=\"async\" src=\"https:\/\/www.combustiva.com.br\/wp-content\/uploads\/1-300x250.png\" title=\"O que diz o CFM sobre publicidade m\u00e9dica\" alt=\"publicidade m\u00e9dica\"><\/div>\n\n                                <\/div>\n\n                            <div class=\"px-post-caption px-no-border\" style=\"background: inherit\"><div class=\"px-post-cat\" style=\"color: #606060\"><a href=\"https:\/\/www.combustiva.com.br\/index.php\/2019\/06\/05\/publicidade-medica\/\">Sem categoria<\/a><\/div><div class=\"px-post-title px-title-brd  px-font-bold px-font-s\" style=\"color: #f62459\">\n                                    <a href=\"https:\/\/www.combustiva.com.br\/index.php\/2019\/06\/05\/publicidade-medica\/\">O que diz o CFM sobre publicidade m\u00e9dica<\/a><\/div><div class=\"px-post-exc px-exc\" style=\"color: inherit\">Quer investir em marketing digital, mas n\u00e3o sabe as regras do CFM? N\u00e3o se preocupe, separamos as principais para voc\u00ea. Se ainda voc\u00ea tem d\u00favidas,<\/div>\n\n                                    <div class=\"px-post-btn px-btn px-btn-s px-shadow  px-btn-3\">\n                                        <a href=\"https:\/\/www.combustiva.com.br\/index.php\/2019\/06\/05\/publicidade-medica\/\">Leia mais<i class=\"epic-icon-right\"><\/i><\/a><\/div><\/div><\/div>\n\n                    <div  class=\"px-post px-item   px-col-xl-4 px-col-m-6 px-col-s-12 \" data-delay=\"\" data-animation=\"\" style=\"padding: 0 30px; margin-bottom: 60px\">\n\n                            <div class=\"px-post-caption px-no-border\" style=\"background: inherit\"><div class=\"px-post-cat\" style=\"color: #606060\"><a href=\"https:\/\/www.combustiva.com.br\/index.php\/2019\/08\/14\/palestramarketingmedico\/\">Sem categoria<\/a><\/div><div class=\"px-post-title px-title-brd  px-font-bold px-font-s\" style=\"color: #f62459\">\n                                    <a href=\"https:\/\/www.combustiva.com.br\/index.php\/2019\/08\/14\/palestramarketingmedico\/\">Palestra sobre Marketing M\u00e9dico<\/a><\/div><div class=\"px-post-exc px-exc\" style=\"color: inherit\"><\/div>\n\n                                    <div class=\"px-post-btn px-btn px-btn-s px-shadow  px-btn-3\">\n                                        <a href=\"https:\/\/www.combustiva.com.br\/index.php\/2019\/08\/14\/palestramarketingmedico\/\">Leia mais<i class=\"epic-icon-right\"><\/i><\/a><\/div><\/div><\/div>\n\n                    <div  class=\"px-post px-item   px-col-xl-4 px-col-m-6 px-col-s-12 \" data-delay=\"\" data-animation=\"\" style=\"padding: 0 30px; margin-bottom: 60px\">\n\n                                <div class=\"px-post-image  px-frame px-scale-up px-thumb\" style=\"background: inherit\">\n\n                                    <div class=\"px-over-h px-pos-rel\">\n\n                                        <div class=\"px-overlay px-animate\" style=\"background-color: inherit\"><a class=\"px-thumb-link\" href=\"https:\/\/www.combustiva.com.br\/index.php\/2019\/06\/19\/cuidado-marketing-medico\/\"><\/a><\/div><img decoding=\"async\" src=\"https:\/\/www.combustiva.com.br\/wp-content\/uploads\/1-1-300x250.png\" title=\"Cuidado com seu marketing m\u00e9dico\" alt=\"ag\u00eancia de marketing para m\u00e9dicos\"><\/div>\n\n                                <\/div>\n\n                            <div class=\"px-post-caption px-no-border\" style=\"background: inherit\"><div class=\"px-post-cat\" style=\"color: #606060\"><a href=\"https:\/\/www.combustiva.com.br\/index.php\/2019\/06\/19\/cuidado-marketing-medico\/\">Sem categoria<\/a><\/div><div class=\"px-post-title px-title-brd  px-font-bold px-font-s\" style=\"color: #f62459\">\n                                    <a href=\"https:\/\/www.combustiva.com.br\/index.php\/2019\/06\/19\/cuidado-marketing-medico\/\">Cuidado com seu marketing m\u00e9dico<\/a><\/div><div class=\"px-post-exc px-exc\" style=\"color: inherit\">As redes sociais trouxeram uma nova din\u00e2mica para a rotina dos m\u00e9dicos. Hoje, j\u00e1 se percebe que \u00e9 indispens\u00e1vel investir certo tempo e recursos e<\/div>\n\n                                    <div class=\"px-post-btn px-btn px-btn-s px-shadow  px-btn-3\">\n                                        <a href=\"https:\/\/www.combustiva.com.br\/index.php\/2019\/06\/19\/cuidado-marketing-medico\/\">Leia mais<i class=\"epic-icon-right\"><\/i><\/a><\/div><\/div><\/div>\n\n                    <div  class=\"px-post px-item   px-col-xl-4 px-col-m-6 px-col-s-12 \" data-delay=\"\" data-animation=\"\" style=\"padding: 0 30px; margin-bottom: 60px\">\n\n                                <div class=\"px-post-image  px-frame px-scale-up px-thumb\" style=\"background: inherit\">\n\n                                    <div class=\"px-over-h px-pos-rel\">\n\n                                        <div class=\"px-overlay px-animate\" style=\"background-color: inherit\"><a class=\"px-thumb-link\" href=\"https:\/\/www.combustiva.com.br\/index.php\/2018\/08\/27\/por-que-investir-em-comunicacao-para-o-meu-consultorio\/\"><\/a><\/div><img decoding=\"async\" src=\"https:\/\/www.combustiva.com.br\/wp-content\/uploads\/HOME-Blog-M\u00e9dicos-devem-investir-em-Comunica\u00e7\u00e3o-300x250.jpg\" title=\"Por que investir em comunica\u00e7\u00e3o para o meu consult\u00f3rio?\" alt=\"Porque m\u00e9dicos devem investir em comunica\u00e7\u00e3o\"><\/div>\n\n                                <\/div>\n\n                            <div class=\"px-post-caption px-no-border\" style=\"background: inherit\"><div class=\"px-post-cat\" style=\"color: #606060\"><a href=\"https:\/\/www.combustiva.com.br\/index.php\/2018\/08\/27\/por-que-investir-em-comunicacao-para-o-meu-consultorio\/\">Informativo<\/a><\/div><div class=\"px-post-title px-title-brd  px-font-bold px-font-s\" style=\"color: #f62459\">\n                                    <a href=\"https:\/\/www.combustiva.com.br\/index.php\/2018\/08\/27\/por-que-investir-em-comunicacao-para-o-meu-consultorio\/\">Por que investir em comunica\u00e7\u00e3o para o meu consult\u00f3rio?<\/a><\/div><div class=\"px-post-exc px-exc\" style=\"color: inherit\">Voc\u00ea j\u00e1 se deu conta da quantidade de mudan\u00e7as que as tecnologias vem proporcionando e da velocidade com que isso vem acontecendo? Essas mudan\u00e7as <\/div>\n\n                                    <div class=\"px-post-btn px-btn px-btn-s px-shadow  px-btn-3\">\n                                        <a href=\"https:\/\/www.combustiva.com.br\/index.php\/2018\/08\/27\/por-que-investir-em-comunicacao-para-o-meu-consultorio\/\">Leia mais<i class=\"epic-icon-right\"><\/i><\/a><\/div><\/div><\/div><\/div><div class=\"px-posts-page\"><a href=\"https:\/\/www.combustiva.com.br\/index.php\/wp-json\/wp\/v2\/pages\/470\/page\/2\/\"><\/a><\/div>[\/vc_column][\/vc_row][\/vc_section][vc_section][vc_row bg=&#8221;image&#8221; bg_position=&#8221;center center&#8221; bg_size=&#8221;cover&#8221; bg_overlay_mode=&#8221;rgba&#8221; divider=&#8221;polygon&#8221; boxed=&#8221;true&#8221; padd_bott=&#8221;160&#8243; polygon_path=&#8221;0 55%, 0% 100%, 100% 100%&#8221; polygon_color=&#8221;#222222&#8243; polygon_height=&#8221;200&#8243; image=&#8221;62&#8243; bg_overlay=&#8221;rgba(34,34,34,0.9)&#8221; padd_top=&#8221;90&#8243;][vc_column width=&#8221;3\/4&#8243; animation=&#8221;px-fade-in&#8221; animated=&#8221;true&#8221;]\n\n        <div class=\"px-cta \" data-delay=\"\" data-animation=\"\">\n\n                <div class=\"px-btn  px-shadow px-radius px-btn-s px-btn-2\">\n                    <a target=\"_self\" href=\"http:\/\/evosites.com.br\/combustiva\/index.php\/orcamentos\/\">Clique aqui<i class=\"epic-icon-right-arrow\"><\/i><\/a><\/div><div class=\"px-exc px-cta-text\" style=\"color: #ffffff\">Necessita de conte\u00fados para seu site e redes sociais?<\/div><\/div>[\/vc_column][\/vc_row][\/vc_section]<\/p>\n","protected":false},"excerpt":{"rendered":"<p>[vc_section][vc_row bg=&#8221;image&#8221; bg_position=&#8221;center center&#8221; bg_overlay_mode=&#8221;rgba&#8221; divider=&#8221;polygon&#8221; boxed=&#8221;true&#8221; shape=&#8221;true&#8221; brd_triangle_1x=&#8221;0&#8243; brd_triangle_1y=&#8221;0&#8243; brd_triangle_2x=&#8221;0&#8243; brd_triangle_2y=&#8221;0&#8243; brd_triangle_3x=&#8221;0&#8243; brd_triangle_3y=&#8221;0&#8243; brd_shape=&#8221;true&#8221; brd_shape_color=&#8221;#ffffff&#8221; brd_shape_height=&#8221;200&#8243; shape_path=&#8221;38% 71%, 55% 52%, 67% 77%, 84% 62%, 100% 78%, 100% 100%, 0 [&hellip;]<\/p>\n","protected":false},"author":1,"featured_media":1769,"parent":0,"menu_order":0,"comment_status":"closed","ping_status":"closed","template":"page-composer.php","meta":{"footnotes":""},"class_list":["post-470","page","type-page","status-publish","has-post-thumbnail","hentry","px-post","px-item","px-col-xl-4 px-col-m-6 px-col-s-12"],"yoast_head":"<!-- This site is optimized with the Yoast SEO plugin v27.6 - https:\/\/yoast.com\/product\/yoast-seo-wordpress\/ -->\n<title>Marketing M\u00e9dico | Curitiba | COMBUSTIVA COMUNICA\u00c7\u00c3O<\/title>\n<meta name=\"description\" content=\"Marketing m\u00e9dico.Conte\u00fado para redes sociais, Google, constru\u00e7\u00e3o de sites. Entre em contato para entender a forma de trabalho e como podemos ajudar.\" \/>\n<meta name=\"robots\" content=\"index, follow, max-snippet:-1, max-image-preview:large, max-video-preview:-1\" \/>\n<link rel=\"canonical\" href=\"https:\/\/www.combustiva.com.br\/index.php\/blog-combustiva-marketing-medico\/\" \/>\n<meta property=\"og:locale\" content=\"pt_BR\" \/>\n<meta property=\"og:type\" content=\"article\" \/>\n<meta property=\"og:title\" content=\"Marketing M\u00e9dico | Curitiba | COMBUSTIVA COMUNICA\u00c7\u00c3O\" \/>\n<meta property=\"og:description\" content=\"Marketing m\u00e9dico.Conte\u00fado para redes sociais, Google, constru\u00e7\u00e3o de sites. Entre em contato para entender a forma de trabalho e como podemos ajudar.\" \/>\n<meta property=\"og:url\" content=\"https:\/\/www.combustiva.com.br\/index.php\/blog-combustiva-marketing-medico\/\" \/>\n<meta property=\"og:site_name\" content=\"Combustiva\" \/>\n<meta property=\"article:modified_time\" content=\"2019-05-13T17:07:59+00:00\" \/>\n<meta property=\"og:image\" content=\"https:\/\/www.combustiva.com.br\/wp-content\/uploads\/Find-the-courage-to-make-your-life-a-blessing.-2.png\" \/>\n\t<meta property=\"og:image:width\" content=\"800\" \/>\n\t<meta property=\"og:image:height\" content=\"800\" \/>\n\t<meta property=\"og:image:type\" content=\"image\/png\" \/>\n<meta name=\"twitter:card\" content=\"summary_large_image\" \/>\n<meta name=\"twitter:label1\" content=\"Est. tempo de leitura\" \/>\n\t<meta name=\"twitter:data1\" content=\"1 minuto\" \/>\n<!-- \/ Yoast SEO plugin. -->","yoast_head_json":{"title":"Marketing M\u00e9dico | Curitiba | COMBUSTIVA COMUNICA\u00c7\u00c3O","description":"Marketing m\u00e9dico.Conte\u00fado para redes sociais, Google, constru\u00e7\u00e3o de sites. Entre em contato para entender a forma de trabalho e como podemos ajudar.","robots":{"index":"index","follow":"follow","max-snippet":"max-snippet:-1","max-image-preview":"max-image-preview:large","max-video-preview":"max-video-preview:-1"},"canonical":"https:\/\/www.combustiva.com.br\/index.php\/blog-combustiva-marketing-medico\/","og_locale":"pt_BR","og_type":"article","og_title":"Marketing M\u00e9dico | Curitiba | COMBUSTIVA COMUNICA\u00c7\u00c3O","og_description":"Marketing m\u00e9dico.Conte\u00fado para redes sociais, Google, constru\u00e7\u00e3o de sites. Entre em contato para entender a forma de trabalho e como podemos ajudar.","og_url":"https:\/\/www.combustiva.com.br\/index.php\/blog-combustiva-marketing-medico\/","og_site_name":"Combustiva","article_modified_time":"2019-05-13T17:07:59+00:00","og_image":[{"width":800,"height":800,"url":"https:\/\/www.combustiva.com.br\/wp-content\/uploads\/Find-the-courage-to-make-your-life-a-blessing.-2.png","type":"image\/png"}],"twitter_card":"summary_large_image","twitter_misc":{"Est. tempo de leitura":"1 minuto"},"schema":{"@context":"https:\/\/schema.org","@graph":[{"@type":"WebPage","@id":"https:\/\/www.combustiva.com.br\/index.php\/blog-combustiva-marketing-medico\/","url":"https:\/\/www.combustiva.com.br\/index.php\/blog-combustiva-marketing-medico\/","name":"Marketing M\u00e9dico | Curitiba | COMBUSTIVA COMUNICA\u00c7\u00c3O","isPartOf":{"@id":"https:\/\/www.combustiva.com.br\/#website"},"primaryImageOfPage":{"@id":"https:\/\/www.combustiva.com.br\/index.php\/blog-combustiva-marketing-medico\/#primaryimage"},"image":{"@id":"https:\/\/www.combustiva.com.br\/index.php\/blog-combustiva-marketing-medico\/#primaryimage"},"thumbnailUrl":"https:\/\/www.combustiva.com.br\/wp-content\/uploads\/Find-the-courage-to-make-your-life-a-blessing.-2.png","datePublished":"2018-01-08T11:07:14+00:00","dateModified":"2019-05-13T17:07:59+00:00","description":"Marketing m\u00e9dico.Conte\u00fado para redes sociais, Google, constru\u00e7\u00e3o de sites. Entre em contato para entender a forma de trabalho e como podemos ajudar.","breadcrumb":{"@id":"https:\/\/www.combustiva.com.br\/index.php\/blog-combustiva-marketing-medico\/#breadcrumb"},"inLanguage":"pt-BR","potentialAction":[{"@type":"ReadAction","target":["https:\/\/www.combustiva.com.br\/index.php\/blog-combustiva-marketing-medico\/"]}]},{"@type":"ImageObject","inLanguage":"pt-BR","@id":"https:\/\/www.combustiva.com.br\/index.php\/blog-combustiva-marketing-medico\/#primaryimage","url":"https:\/\/www.combustiva.com.br\/wp-content\/uploads\/Find-the-courage-to-make-your-life-a-blessing.-2.png","contentUrl":"https:\/\/www.combustiva.com.br\/wp-content\/uploads\/Find-the-courage-to-make-your-life-a-blessing.-2.png","width":800,"height":800,"caption":"dicas para marketing m\u00e9dico"},{"@type":"BreadcrumbList","@id":"https:\/\/www.combustiva.com.br\/index.php\/blog-combustiva-marketing-medico\/#breadcrumb","itemListElement":[{"@type":"ListItem","position":1,"name":"In\u00edcio","item":"https:\/\/www.combustiva.com.br\/"},{"@type":"ListItem","position":2,"name":"Blog"}]},{"@type":"WebSite","@id":"https:\/\/www.combustiva.com.br\/#website","url":"https:\/\/www.combustiva.com.br\/","name":"Combustiva","description":"A ag\u00eancia de comunica\u00e7\u00e3o especializada em Medicina","publisher":{"@id":"https:\/\/www.combustiva.com.br\/#organization"},"potentialAction":[{"@type":"SearchAction","target":{"@type":"EntryPoint","urlTemplate":"https:\/\/www.combustiva.com.br\/?s={search_term_string}"},"query-input":{"@type":"PropertyValueSpecification","valueRequired":true,"valueName":"search_term_string"}}],"inLanguage":"pt-BR"},{"@type":"Organization","@id":"https:\/\/www.combustiva.com.br\/#organization","name":"Combustiva - Marketing M\u00e9dico","url":"https:\/\/www.combustiva.com.br\/","logo":{"@type":"ImageObject","inLanguage":"pt-BR","@id":"https:\/\/www.combustiva.com.br\/#\/schema\/logo\/image\/","url":"https:\/\/www.combustiva.com.br\/wp-content\/uploads\/projeto-combustiva-full.png","contentUrl":"https:\/\/www.combustiva.com.br\/wp-content\/uploads\/projeto-combustiva-full.png","width":500,"height":500,"caption":"Combustiva - Marketing M\u00e9dico"},"image":{"@id":"https:\/\/www.combustiva.com.br\/#\/schema\/logo\/image\/"}}]}},"_links":{"self":[{"href":"https:\/\/www.combustiva.com.br\/index.php\/wp-json\/wp\/v2\/pages\/470","targetHints":{"allow":["GET"]}}],"collection":[{"href":"https:\/\/www.combustiva.com.br\/index.php\/wp-json\/wp\/v2\/pages"}],"about":[{"href":"https:\/\/www.combustiva.com.br\/index.php\/wp-json\/wp\/v2\/types\/page"}],"author":[{"embeddable":true,"href":"https:\/\/www.combustiva.com.br\/index.php\/wp-json\/wp\/v2\/users\/1"}],"replies":[{"embeddable":true,"href":"https:\/\/www.combustiva.com.br\/index.php\/wp-json\/wp\/v2\/comments?post=470"}],"version-history":[{"count":23,"href":"https:\/\/www.combustiva.com.br\/index.php\/wp-json\/wp\/v2\/pages\/470\/revisions"}],"predecessor-version":[{"id":1775,"href":"https:\/\/www.combustiva.com.br\/index.php\/wp-json\/wp\/v2\/pages\/470\/revisions\/1775"}],"wp:featuredmedia":[{"embeddable":true,"href":"https:\/\/www.combustiva.com.br\/index.php\/wp-json\/wp\/v2\/media\/1769"}],"wp:attachment":[{"href":"https:\/\/www.combustiva.com.br\/index.php\/wp-json\/wp\/v2\/media?parent=470"}],"curies":[{"name":"wp","href":"https:\/\/api.w.org\/{rel}","templated":true}]}}